{"id":840,"date":"2020-07-16T20:13:51","date_gmt":"2020-07-16T20:13:51","guid":{"rendered":"https:\/\/embrunsmiles.ca\/fr\/?page_id=840"},"modified":"2020-07-16T20:42:49","modified_gmt":"2020-07-16T20:42:49","slug":"orthodontie-a-embrun","status":"publish","type":"page","link":"https:\/\/embrunsmiles.ca\/fr\/orthodontie-a-embrun\/","title":{"rendered":"Orthodontie \u00e0 Embrun"},"content":{"rendered":"<p>[et_pb_section fb_built=&#8221;1&#8243; custom_padding_last_edited=&#8221;on|phone&#8221; disabled_on=&#8221;on|on|&#8221; admin_label=&#8221;Header&#8221; _builder_version=&#8221;4.4.7&#8243; use_background_color_gradient=&#8221;on&#8221; background_color_gradient_start=&#8221;rgba(255,255,255,0)&#8221; background_color_gradient_end=&#8221;#ffffff&#8221; background_color_gradient_type=&#8221;radial&#8221; background_color_gradient_direction_radial=&#8221;bottom right&#8221; background_color_gradient_overlays_image=&#8221;on&#8221; background_image=&#8221;https:\/\/embrunsmiles.ca\/fr\/wp-content\/uploads\/2020\/07\/orthodontics-embrun-2.jpg&#8221; custom_margin=&#8221;|||&#8221; custom_padding=&#8221;0vw||0vw||true|false&#8221; custom_padding_tablet=&#8221;||||false|false&#8221; custom_padding_phone=&#8221;&#8221; z_index_tablet=&#8221;500&#8243; border_radii=&#8221;||||10vw&#8221; box_shadow_style=&#8221;preset1&#8243; box_shadow_vertical=&#8221;40px&#8221; box_shadow_blur=&#8221;60px&#8221; box_shadow_color=&#8221;rgba(0,64,135,0.06)&#8221;][et_pb_row disabled_on=&#8221;on|on|&#8221; _builder_version=&#8221;3.25&#8243; background_size=&#8221;initial&#8221; background_position=&#8221;top_left&#8221; background_repeat=&#8221;repeat&#8221;][et_pb_column type=&#8221;4_4&#8243; _builder_version=&#8221;3.0.47&#8243; custom_padding=&#8221;|||&#8221; custom_padding__hover=&#8221;|||&#8221;][et_pb_divider show_divider=&#8221;off&#8221; _builder_version=&#8221;3.29.3&#8243; height=&#8221;25px&#8221; z_index_tablet=&#8221;500&#8243; box_shadow_horizontal_tablet=&#8221;0px&#8221; box_shadow_vertical_tablet=&#8221;0px&#8221; box_shadow_blur_tablet=&#8221;40px&#8221; box_shadow_spread_tablet=&#8221;0px&#8221;][\/et_pb_divider][\/et_pb_column][\/et_pb_row][et_pb_row column_structure=&#8221;3_5,2_5&#8243; custom_padding_last_edited=&#8221;on|phone&#8221; _builder_version=&#8221;3.26.7&#8243; custom_padding_tablet=&#8221;&#8221; custom_padding_phone=&#8221;35px||||false|false&#8221;][et_pb_column type=&#8221;3_5&#8243; _builder_version=&#8221;3.25&#8243; custom_padding=&#8221;|||&#8221; custom_padding__hover=&#8221;|||&#8221;][et_pb_text admin_label=&#8221;Text -d&#8221; _builder_version=&#8221;4.4.7&#8243; header_font=&#8221;||||||||&#8221; header_font_size=&#8221;50px&#8221; header_line_height=&#8221;1.4em&#8221; header_2_text_color=&#8221;#000000&#8243; header_2_font_size=&#8221;20px&#8221; header_2_line_height=&#8221;1.6em&#8221; custom_padding_tablet=&#8221;&#8221; custom_padding_phone=&#8221;30px||||false|false&#8221; custom_padding_last_edited=&#8221;on|phone&#8221; animation_style=&#8221;slide&#8221; animation_direction=&#8221;bottom&#8221; header_font_size_tablet=&#8221;35px&#8221; header_font_size_phone=&#8221;25px&#8221; header_font_size_last_edited=&#8221;on|desktop&#8221; z_index_tablet=&#8221;500&#8243; text_text_shadow_horizontal_length_tablet=&#8221;0px&#8221; text_text_shadow_vertical_length_tablet=&#8221;0px&#8221; text_text_shadow_blur_strength_tablet=&#8221;1px&#8221; link_text_shadow_horizontal_length_tablet=&#8221;0px&#8221; link_text_shadow_vertical_length_tablet=&#8221;0px&#8221; link_text_shadow_blur_strength_tablet=&#8221;1px&#8221; ul_text_shadow_horizontal_length_tablet=&#8221;0px&#8221; ul_text_shadow_vertical_length_tablet=&#8221;0px&#8221; ul_text_shadow_blur_strength_tablet=&#8221;1px&#8221; ol_text_shadow_horizontal_length_tablet=&#8221;0px&#8221; ol_text_shadow_vertical_length_tablet=&#8221;0px&#8221; ol_text_shadow_blur_strength_tablet=&#8221;1px&#8221; quote_text_shadow_horizontal_length_tablet=&#8221;0px&#8221; quote_text_shadow_vertical_length_tablet=&#8221;0px&#8221; quote_text_shadow_blur_strength_tablet=&#8221;1px&#8221; header_text_shadow_horizontal_length_tablet=&#8221;0px&#8221; header_text_shadow_vertical_length_tablet=&#8221;0px&#8221; header_text_shadow_blur_strength_tablet=&#8221;1px&#8221; header_2_text_shadow_horizontal_length_tablet=&#8221;0px&#8221; header_2_text_shadow_vertical_length_tablet=&#8221;0px&#8221; header_2_text_shadow_blur_strength_tablet=&#8221;1px&#8221; header_3_text_shadow_horizontal_length_tablet=&#8221;0px&#8221; header_3_text_shadow_vertical_length_tablet=&#8221;0px&#8221; header_3_text_shadow_blur_strength_tablet=&#8221;1px&#8221; header_4_text_shadow_horizontal_length_tablet=&#8221;0px&#8221; header_4_text_shadow_vertical_length_tablet=&#8221;0px&#8221; header_4_text_shadow_blur_strength_tablet=&#8221;1px&#8221; header_5_text_shadow_horizontal_length_tablet=&#8221;0px&#8221; header_5_text_shadow_vertical_length_tablet=&#8221;0px&#8221; header_5_text_shadow_blur_strength_tablet=&#8221;1px&#8221; header_6_text_shadow_horizontal_length_tablet=&#8221;0px&#8221; header_6_text_shadow_vertical_length_tablet=&#8221;0px&#8221; header_6_text_shadow_blur_strength_tablet=&#8221;1px&#8221; box_shadow_horizontal_tablet=&#8221;0px&#8221; box_shadow_vertical_tablet=&#8221;0px&#8221; box_shadow_blur_tablet=&#8221;40px&#8221; box_shadow_spread_tablet=&#8221;0px&#8221;]<\/p>\n<h1>L&#8217;orthodontie \u00e0 Embrun<\/h1>\n<h2>Informez-vous sur Invisalign et d&#8217;autres traitements.<\/h2>\n<p>[\/et_pb_text][\/et_pb_column][et_pb_column type=&#8221;2_5&#8243; _builder_version=&#8221;3.25&#8243; custom_padding=&#8221;15px|||&#8221; custom_padding__hover=&#8221;|||&#8221;][\/et_pb_column][\/et_pb_row][\/et_pb_section][et_pb_section fb_built=&#8221;1&#8243; admin_label=&#8221;Our Mission&#8221; _builder_version=&#8221;4.4.7&#8243; background_enable_color=&#8221;off&#8221; background_enable_image=&#8221;off&#8221;][et_pb_row column_structure=&#8221;3_4,1_4&#8243; use_custom_gutter=&#8221;on&#8221; gutter_width=&#8221;4&#8243; _builder_version=&#8221;3.25&#8243; locked=&#8221;off&#8221;][et_pb_column type=&#8221;3_4&#8243; _builder_version=&#8221;3.25&#8243; custom_padding=&#8221;|||&#8221; custom_padding__hover=&#8221;|||&#8221;][et_pb_text _builder_version=&#8221;4.4.7&#8243; text_font=&#8221;Open Sans||||||||&#8221; text_line_height=&#8221;2em&#8221; header_font=&#8221;||||||||&#8221; header_3_font=&#8221;||||||||&#8221; header_3_font_size=&#8221;34px&#8221; header_3_line_height=&#8221;1.4em&#8221; locked=&#8221;off&#8221; align_last_edited=&#8221;on|desktop&#8221; align_tablet=&#8221;center&#8221;]<\/p>\n<h3>Un beau sourire n&#8217;est que l&#8217;un des avantages que le domaine de l&#8217;orthodontie peut offrir.<\/h3>\n<p>Les soins orthodontiques sont l&#8217;ensemble d&#8217;un traitement avanc\u00e9 qui peut aider \u00e0 repositionner les dents mal align\u00e9es. Le traitement permet qu&#8217;elles soient plus belles et qu&#8217;elles puissent mordre ensemble correctement.<\/p>\n<p>Un beau sourire n&#8217;est que l&#8217;un des avantages que le domaine de l&#8217;orthodontie peut offrir. Un alignement correct de la dentition, des l\u00e8vres et les m\u00e2choires, permet d&#8217;obtenir non seulement un plus beau sourire, mais en plus, c&#8217;est un sourire sain.<\/p>\n<p>Le traitement d&#8217;orthodontie pour les enfants peut \u00e9galement contribuer \u00e0 cr\u00e9er plus d&#8217;espace pour les dents \u00e9mergentes. La correction orthodontique pr\u00e9coce serait tr\u00e8s utile pour guider la croissance des m\u00e2choires et du visage, aidant ainsi un enfant \u00e0 obtenir un profil facial plus attrayant.<\/p>\n<p>Les dents droites fonctionnent simplement mieux, elles sont plus faciles \u00e0 brosser, \u00e7a devient plus simple de passer le fil dentaire \u00e0 fond. Ceci r\u00e9duit le risque de maladie des gencives, en cons\u00e9quence, favorise la pr\u00e9vention des caries.<\/p>\n<p>Enfin, avoir un sourire sain permet naturellement d&#8217;augmenter la confiance en soi, ainsi d&#8217;accro\u00eetre l&#8217;estime de soi.<\/p>\n<h3>Qui peut b\u00e9n\u00e9ficier des services de l&#8217;orthodontie ?<\/h3>\n<p>\u00c0 une certaine \u00e9poque, la plupart des gens croyaient que les appareils dentaires, c&#8217;\u00e9taient &#8220;juste pour les enfants&#8221;. Il s&#8217;av\u00e8re que, sur les milliers de Canadiens qui suivent actuellement un traitement orthodontique, plus d&#8217;un quart ont plus de 21 ans.<\/p>\n<p>Comme le processus de base pour d\u00e9placer les dents est le m\u00eame pour les adultes que pour les enfants, un traitement orthodontique peut g\u00e9n\u00e9ralement \u00eatre r\u00e9ussi \u00e0 tout \u00e2ge. La sant\u00e9 des dents, des gencives et des os de soutien, d\u00e9termine \u00e9galement avantageusement les perspectives d&#8217;am\u00e9lioration.<\/p>\n<p style=\"font-size: 11px;\">Source:\u00a0 <a href=\"https:\/\/cao-aco.org\/?lang=fr\" target=\"_blank\" rel=\"noopener noreferrer\">Association Canadienne des Orthodontistes<\/a><\/p>\n<p>\u00c0 Embrun, le domaine de l&#8217;orthodontie et bien d&#8217;autres services sont tous disponibles \u00e0 la clinique dentaire familiale Embrun Smiles. Nous sommes situ\u00e9s \u00e0 Embrun et \u00e0 proximit\u00e9 de Russell, Limoges et Casselman.<\/p>\n<p>Prenez un rendez-vous avec le <a href=\"https:\/\/embrunsmiles.ca\/fr\/bureau-dentiste-embrun\/\">Dr. Binder<\/a> \u00e0 la clinique dentaire familiale Embrun Smiles. Il \u00e9valuera le type d&#8217;appareil dentaire qui vous convient, il planifiera imm\u00e9diatement votre choix de traitement.<\/p>\n<p>Si vous \u00eates int\u00e9ress\u00e9s par le syst\u00e8me d&#8217;alignement des dents Invisalign\u00ae, la clinique dentaire familiale Embrun Smiles \u00e0 Embrun peut vous aider.<\/p>\n<p>[\/et_pb_text][\/et_pb_column][et_pb_column type=&#8221;1_4&#8243; _builder_version=&#8221;3.25&#8243; custom_padding=&#8221;100px|||&#8221; custom_padding_tablet=&#8221;0px||0px|&#8221; custom_padding_last_edited=&#8221;off|desktop&#8221; custom_padding__hover=&#8221;|||&#8221;][\/et_pb_column][\/et_pb_row][\/et_pb_section][et_pb_section fb_built=&#8221;1&#8243; admin_label=&#8221;About&#8221; _builder_version=&#8221;4.4.7&#8243; use_background_color_gradient=&#8221;on&#8221; background_color_gradient_start=&#8221;rgba(0,164,223,0.78)&#8221; background_color_gradient_end=&#8221;#ffffff&#8221; background_color_gradient_direction=&#8221;90deg&#8221; background_color_gradient_start_position=&#8221;50%&#8221; background_color_gradient_end_position=&#8221;50%&#8221; background_image=&#8221;https:\/\/embrunsmiles.ca\/fr\/wp-content\/uploads\/2019\/09\/dentist-13.png&#8221; background_size=&#8221;initial&#8221; background_position=&#8221;top_right&#8221; min_height=&#8221;496px&#8221; custom_padding=&#8221;0|0px|0|0px|false|false&#8221;][et_pb_row column_structure=&#8221;2_5,3_5&#8243; custom_padding_last_edited=&#8221;on|desktop&#8221; _builder_version=&#8221;4.4.7&#8243; use_background_color_gradient=&#8221;on&#8221; background_color_gradient_start=&#8221;#00a4df&#8221; background_color_gradient_end=&#8221;#00a4df&#8221; background_color_gradient_direction=&#8221;75deg&#8221; max_width=&#8221;1280px&#8221; module_alignment=&#8221;center&#8221; custom_margin=&#8221;|||&#8221; custom_padding=&#8221;0|0|90px|5vw|false|false&#8221; custom_padding_tablet=&#8221;|5vw||5vw||true&#8221; custom_padding_phone=&#8221;|5vw||5vw||true&#8221; animation_style=&#8221;zoom&#8221; animation_direction=&#8221;top&#8221; animation_intensity_zoom=&#8221;1%&#8221; border_radii=&#8221;|10vw||10vw|&#8221; box_shadow_style=&#8221;preset1&#8243; box_shadow_horizontal=&#8221;60px&#8221; box_shadow_vertical=&#8221;0px&#8221; box_shadow_blur=&#8221;60px&#8221; box_shadow_spread=&#8221;-40px&#8221; box_shadow_color=&#8221;rgba(0,121,255,0.1)&#8221; use_custom_width=&#8221;on&#8221; custom_width_px=&#8221;1280px&#8221;][et_pb_column type=&#8221;2_5&#8243; _builder_version=&#8221;3.0.47&#8243; custom_padding=&#8221;|||&#8221; custom_padding_tablet=&#8221;40px|||&#8221; custom_padding_phone=&#8221;20px|||&#8221; custom_padding_last_edited=&#8221;off|desktop&#8221; padding_phone=&#8221;20px|||&#8221; padding_tablet=&#8221;40px|||&#8221; padding_last_edited=&#8221;off|desktop&#8221; custom_padding__hover=&#8221;|||&#8221;][et_pb_text _builder_version=&#8221;4.4.7&#8243; text_font=&#8221;Open Sans||||||||&#8221; text_line_height=&#8221;2em&#8221; ul_font=&#8221;||||||||&#8221; ol_font=&#8221;||||||||&#8221; header_font=&#8221;||||||||&#8221; header_2_font=&#8221;||||||||&#8221; header_2_font_size=&#8221;40px&#8221; header_2_line_height=&#8221;1.4em&#8221; header_3_font_size=&#8221;34px&#8221; background_layout=&#8221;dark&#8221; custom_padding=&#8221;4vw||||false|false&#8221; header_2_font_size_tablet=&#8221;35px&#8221; header_2_font_size_phone=&#8221;25px&#8221; header_2_font_size_last_edited=&#8221;on|phone&#8221;]<\/p>\n<h3>Qu&#8217;est-ce que la technique Invisalign ?<\/h3>\n<p>Contrairement aux appareils dentaires m\u00e9talliques traditionnels, la technique <a href=\"https:\/\/www.invisalign.com\/\" target=\"_blank\" rel=\"noopener noreferrer\" style=\"color: white;\">Invisalign\u00ae<\/a> est un syst\u00e8me d&#8217;alignement des dents abordable, de haute qualit\u00e9 pratiquement invisible.<\/p>\n<p>En utilisant des goutti\u00e8res en plastique transparent, solides et amovibles, les dents sont progressivement d\u00e9plac\u00e9es dans des positions pr\u00e9d\u00e9termin\u00e9es. Elles pourraient produire des r\u00e9sultats \u00e9tonnants pour les enfants, de m\u00eame que pour les adultes d&#8217;aujourd&#8217;hui.<\/p>\n<p>Les goutti\u00e8res s&#8217;adaptent fermement \u00e0 vos dents, elles sont tr\u00e8s difficiles \u00e0 voir. En g\u00e9n\u00e9ral, les goutti\u00e8res sont remplac\u00e9es toutes les deux semaines, puisque les dents changent lentement de position. Le traitement se poursuit jusqu&#8217;\u00e0 ce que vos dents soient bien redress\u00e9es. Les appareils de r\u00e9tention fixes sont recommand\u00e9s pour votre bien \u00eatre, donc vous permettre de conserver un beau sourire.[\/et_pb_text][\/et_pb_column][et_pb_column type=&#8221;3_5&#8243; _builder_version=&#8221;3.0.47&#8243; custom_padding=&#8221;|||&#8221; custom_padding_tablet=&#8221;40px|||&#8221; custom_padding_phone=&#8221;20px|||&#8221; custom_padding_last_edited=&#8221;off|desktop&#8221; padding_phone=&#8221;20px|||&#8221; padding_tablet=&#8221;40px|||&#8221; padding_last_edited=&#8221;off|desktop&#8221; custom_padding__hover=&#8221;|||&#8221;][et_pb_image src=&#8221;https:\/\/embrunsmiles.ca\/fr\/wp-content\/uploads\/2020\/07\/orthodontics-embrun.jpg&#8221; alt=&#8221;orthodontie&#8221; title_text=&#8221;orthodontics-embrun&#8221; _builder_version=&#8221;4.4.7&#8243; hover_enabled=&#8221;0&#8243;][\/et_pb_image][et_pb_text _builder_version=&#8221;4.4.7&#8243; text_font=&#8221;||||||||&#8221; ul_font=&#8221;|700|||||||&#8221; ul_line_height=&#8221;2em&#8221; header_3_font_size=&#8221;34px&#8221; background_layout=&#8221;dark&#8221; custom_padding=&#8221;|6vw|||false|false&#8221; locked=&#8221;off&#8221;]<\/p>\n<h3>Avoir un sourire id\u00e9al<\/h3>\n<p>Le Dr Binder peut utiliser la technique <a href=\"https:\/\/www.invisalign.com\/\" target=\"_blank\" rel=\"noopener noreferrer\" style=\"color: white;\">Invisalign\u00ae<\/a>pour corriger de nombreux probl\u00e8mes, car ce syst\u00e8me est tr\u00e8s polyvalent. Le traitement pourrait vous aider si vous avez les dents d\u00e9salign\u00e9es ou chevauch\u00e9es, des espaces disgracieux entre vos dents ou des dents surcharg\u00e9es. Il en est ainsi pour des probl\u00e8mes de malocclusion, soit que vos dents sup\u00e9rieures et inf\u00e9rieures ne ferment pas en position id\u00e9ale.<\/p>\n<p>Lors de votre visite \u00e0 la clinique dentaire familiale Embrun Smiles, nous pourrons vous dire si\u00a0<a href=\"https:\/\/www.invisalign.com\/\" target=\"_blank\" rel=\"noopener noreferrer\" style=\"color: white;\">Invisalign\u00ae<\/a> est la meilleure option de traitement.<\/p>\n<p>La philosophie de traitement du <a href=\"\/fr\/bureau-dentiste-embrun\/\" style=\"color: white;\">Dr Binder\u00a0<\/a>est de vous fournir des soins dentaires d&#8217;une qualit\u00e9 sup\u00e9rieure par une approche de soins centr\u00e9s sur le patient. Son professionalisme, sa personnalit\u00e9 apaisante et son attitude positive, vous permettront d&#8217;\u00eatre \u00e0 l&#8217;aise. Il vous inspirera confiance, vous saurez qu&#8217;il a planifi\u00e9 le bon traitement pour vous.<\/p>\n<p>Le Dr Binder privil\u00e9gie l&#8217;\u00e9tablissement d&#8217;une relation de confiance et de respect avec ses patients gr\u00e2ce \u00e0 un climat de communications ouvertes et franches.<\/p>\n<p>[\/et_pb_text][\/et_pb_column][\/et_pb_row][\/et_pb_section][et_pb_section fb_built=&#8221;1&#8243; _builder_version=&#8221;4.4.7&#8243;][et_pb_row _builder_version=&#8221;4.4.7&#8243;][et_pb_column type=&#8221;4_4&#8243; _builder_version=&#8221;4.4.7&#8243;][et_pb_button button_url=&#8221;\/fr\/services-dentaires-embrun\/&#8221; button_text=&#8221;Consultez tous les services dentaires&#8221; button_alignment=&#8221;center&#8221; _builder_version=&#8221;4.4.7&#8243; custom_button=&#8221;on&#8221; button_text_size=&#8221;17px&#8221; button_text_color=&#8221;#ffffff&#8221; button_bg_color=&#8221;#00a4df&#8221; button_border_color=&#8221;#00a4df&#8221; button_border_radius=&#8221;25px&#8221; button_font=&#8221;|700|||||||&#8221; button_icon=&#8221;%%20%%&#8221;][\/et_pb_button][\/et_pb_column][\/et_pb_row][\/et_pb_section]<\/p>\n","protected":false},"excerpt":{"rendered":"<p>L&#8217;orthodontie \u00e0 Embrun Informez-vous sur Invisalign et d&#8217;autres traitements.Un beau sourire n&#8217;est que l&#8217;un des avantages que le domaine de l&#8217;orthodontie peut offrir. Les soins orthodontiques sont l&#8217;ensemble d&#8217;un traitement avanc\u00e9 qui peut aider \u00e0 repositionner les dents mal align\u00e9es. Le traitement permet qu&#8217;elles soient plus belles et qu&#8217;elles puissent mordre ensemble correctement. Un beau [&hellip;]<\/p>\n","protected":false},"author":4,"featured_media":0,"parent":0,"menu_order":0,"comment_status":"closed","ping_status":"closed","template":"","meta":{"_et_pb_use_builder":"on","_et_pb_old_content":"","_et_gb_content_width":"","footnotes":""},"class_list":["post-840","page","type-page","status-publish","hentry"],"yoast_head":"<!-- This site is optimized with the Yoast SEO plugin v27.4 - https:\/\/yoast.com\/product\/yoast-seo-wordpress\/ -->\n<title>Orthodontie \u00e0 Embrun - Embrun Smiles Family Dentistry<\/title>\n<meta name=\"description\" content=\"Les soins orthodontiques peuvent \u00eatre une prestation \u00e0 tout \u00e2ge. Avec Invisalign\u00ae, nous pouvons redresser vos dents dans quelques mois.\" \/>\n<meta name=\"robots\" content=\"index, follow, max-snippet:-1, max-image-preview:large, max-video-preview:-1\" \/>\n<link rel=\"canonical\" href=\"https:\/\/embrunsmiles.ca\/fr\/orthodontie-a-embrun\/\" \/>\n<meta property=\"og:locale\" content=\"en_US\" \/>\n<meta property=\"og:type\" content=\"article\" \/>\n<meta property=\"og:title\" content=\"Orthodontie \u00e0 Embrun - Embrun Smiles Family Dentistry\" \/>\n<meta property=\"og:description\" content=\"Les soins orthodontiques peuvent \u00eatre une prestation \u00e0 tout \u00e2ge. Avec Invisalign\u00ae, nous pouvons redresser vos dents dans quelques mois.\" \/>\n<meta property=\"og:url\" content=\"https:\/\/embrunsmiles.ca\/fr\/orthodontie-a-embrun\/\" \/>\n<meta property=\"og:site_name\" content=\"Embrun Smiles Family Dentistry\" \/>\n<meta property=\"article:modified_time\" content=\"2020-07-16T20:42:49+00:00\" \/>\n<meta name=\"twitter:card\" content=\"summary_large_image\" \/>\n<meta name=\"twitter:label1\" content=\"Est. reading time\" \/>\n\t<meta name=\"twitter:data1\" content=\"9 minutes\" \/>\n<script type=\"application\/ld+json\" class=\"yoast-schema-graph\">{\"@context\":\"https:\\\/\\\/schema.org\",\"@graph\":[{\"@type\":\"WebPage\",\"@id\":\"https:\\\/\\\/embrunsmiles.ca\\\/fr\\\/orthodontie-a-embrun\\\/\",\"url\":\"https:\\\/\\\/embrunsmiles.ca\\\/fr\\\/orthodontie-a-embrun\\\/\",\"name\":\"Orthodontie \u00e0 Embrun - Embrun Smiles Family Dentistry\",\"isPartOf\":{\"@id\":\"https:\\\/\\\/embrunsmiles.ca\\\/fr\\\/#website\"},\"datePublished\":\"2020-07-16T20:13:51+00:00\",\"dateModified\":\"2020-07-16T20:42:49+00:00\",\"description\":\"Les soins orthodontiques peuvent \u00eatre une prestation \u00e0 tout \u00e2ge. Avec Invisalign\u00ae, nous pouvons redresser vos dents dans quelques mois.\",\"breadcrumb\":{\"@id\":\"https:\\\/\\\/embrunsmiles.ca\\\/fr\\\/orthodontie-a-embrun\\\/#breadcrumb\"},\"inLanguage\":\"en-US\",\"potentialAction\":[{\"@type\":\"ReadAction\",\"target\":[\"https:\\\/\\\/embrunsmiles.ca\\\/fr\\\/orthodontie-a-embrun\\\/\"]}]},{\"@type\":\"BreadcrumbList\",\"@id\":\"https:\\\/\\\/embrunsmiles.ca\\\/fr\\\/orthodontie-a-embrun\\\/#breadcrumb\",\"itemListElement\":[{\"@type\":\"ListItem\",\"position\":1,\"name\":\"Home\",\"item\":\"https:\\\/\\\/embrunsmiles.ca\\\/fr\\\/\"},{\"@type\":\"ListItem\",\"position\":2,\"name\":\"Orthodontie \u00e0 Embrun\"}]},{\"@type\":\"WebSite\",\"@id\":\"https:\\\/\\\/embrunsmiles.ca\\\/fr\\\/#website\",\"url\":\"https:\\\/\\\/embrunsmiles.ca\\\/fr\\\/\",\"name\":\"Embrun Smiles Family Dentistry\",\"description\":\"\",\"potentialAction\":[{\"@type\":\"SearchAction\",\"target\":{\"@type\":\"EntryPoint\",\"urlTemplate\":\"https:\\\/\\\/embrunsmiles.ca\\\/fr\\\/?s={search_term_string}\"},\"query-input\":{\"@type\":\"PropertyValueSpecification\",\"valueRequired\":true,\"valueName\":\"search_term_string\"}}],\"inLanguage\":\"en-US\"}]}<\/script>\n<!-- \/ Yoast SEO plugin. -->","yoast_head_json":{"title":"Orthodontie \u00e0 Embrun - Embrun Smiles Family Dentistry","description":"Les soins orthodontiques peuvent \u00eatre une prestation \u00e0 tout \u00e2ge. Avec Invisalign\u00ae, nous pouvons redresser vos dents dans quelques mois.","robots":{"index":"index","follow":"follow","max-snippet":"max-snippet:-1","max-image-preview":"max-image-preview:large","max-video-preview":"max-video-preview:-1"},"canonical":"https:\/\/embrunsmiles.ca\/fr\/orthodontie-a-embrun\/","og_locale":"en_US","og_type":"article","og_title":"Orthodontie \u00e0 Embrun - Embrun Smiles Family Dentistry","og_description":"Les soins orthodontiques peuvent \u00eatre une prestation \u00e0 tout \u00e2ge. Avec Invisalign\u00ae, nous pouvons redresser vos dents dans quelques mois.","og_url":"https:\/\/embrunsmiles.ca\/fr\/orthodontie-a-embrun\/","og_site_name":"Embrun Smiles Family Dentistry","article_modified_time":"2020-07-16T20:42:49+00:00","twitter_card":"summary_large_image","twitter_misc":{"Est. reading time":"9 minutes"},"schema":{"@context":"https:\/\/schema.org","@graph":[{"@type":"WebPage","@id":"https:\/\/embrunsmiles.ca\/fr\/orthodontie-a-embrun\/","url":"https:\/\/embrunsmiles.ca\/fr\/orthodontie-a-embrun\/","name":"Orthodontie \u00e0 Embrun - Embrun Smiles Family Dentistry","isPartOf":{"@id":"https:\/\/embrunsmiles.ca\/fr\/#website"},"datePublished":"2020-07-16T20:13:51+00:00","dateModified":"2020-07-16T20:42:49+00:00","description":"Les soins orthodontiques peuvent \u00eatre une prestation \u00e0 tout \u00e2ge. Avec Invisalign\u00ae, nous pouvons redresser vos dents dans quelques mois.","breadcrumb":{"@id":"https:\/\/embrunsmiles.ca\/fr\/orthodontie-a-embrun\/#breadcrumb"},"inLanguage":"en-US","potentialAction":[{"@type":"ReadAction","target":["https:\/\/embrunsmiles.ca\/fr\/orthodontie-a-embrun\/"]}]},{"@type":"BreadcrumbList","@id":"https:\/\/embrunsmiles.ca\/fr\/orthodontie-a-embrun\/#breadcrumb","itemListElement":[{"@type":"ListItem","position":1,"name":"Home","item":"https:\/\/embrunsmiles.ca\/fr\/"},{"@type":"ListItem","position":2,"name":"Orthodontie \u00e0 Embrun"}]},{"@type":"WebSite","@id":"https:\/\/embrunsmiles.ca\/fr\/#website","url":"https:\/\/embrunsmiles.ca\/fr\/","name":"Embrun Smiles Family Dentistry","description":"","potentialAction":[{"@type":"SearchAction","target":{"@type":"EntryPoint","urlTemplate":"https:\/\/embrunsmiles.ca\/fr\/?s={search_term_string}"},"query-input":{"@type":"PropertyValueSpecification","valueRequired":true,"valueName":"search_term_string"}}],"inLanguage":"en-US"}]}},"_links":{"self":[{"href":"https:\/\/embrunsmiles.ca\/fr\/wp-json\/wp\/v2\/pages\/840","targetHints":{"allow":["GET"]}}],"collection":[{"href":"https:\/\/embrunsmiles.ca\/fr\/wp-json\/wp\/v2\/pages"}],"about":[{"href":"https:\/\/embrunsmiles.ca\/fr\/wp-json\/wp\/v2\/types\/page"}],"author":[{"embeddable":true,"href":"https:\/\/embrunsmiles.ca\/fr\/wp-json\/wp\/v2\/users\/4"}],"replies":[{"embeddable":true,"href":"https:\/\/embrunsmiles.ca\/fr\/wp-json\/wp\/v2\/comments?post=840"}],"version-history":[{"count":5,"href":"https:\/\/embrunsmiles.ca\/fr\/wp-json\/wp\/v2\/pages\/840\/revisions"}],"predecessor-version":[{"id":856,"href":"https:\/\/embrunsmiles.ca\/fr\/wp-json\/wp\/v2\/pages\/840\/revisions\/856"}],"wp:attachment":[{"href":"https:\/\/embrunsmiles.ca\/fr\/wp-json\/wp\/v2\/media?parent=840"}],"curies":[{"name":"wp","href":"https:\/\/api.w.org\/{rel}","templated":true}]}}