{"id":871,"date":"2020-10-07T15:59:52","date_gmt":"2020-10-07T15:59:52","guid":{"rendered":"https:\/\/embrunsmiles.ca\/fr\/?page_id=871"},"modified":"2020-10-07T16:06:36","modified_gmt":"2020-10-07T16:06:36","slug":"blanchiment-des-dents","status":"publish","type":"page","link":"https:\/\/embrunsmiles.ca\/fr\/blanchiment-des-dents\/","title":{"rendered":"Blanchiment des dents"},"content":{"rendered":"<p>[et_pb_section fb_built=&#8221;1&#8243; custom_padding_last_edited=&#8221;on|phone&#8221; disabled_on=&#8221;on|on|&#8221; admin_label=&#8221;Header&#8221; _builder_version=&#8221;4.4.7&#8243; use_background_color_gradient=&#8221;on&#8221; background_color_gradient_start=&#8221;rgba(255,255,255,0)&#8221; background_color_gradient_end=&#8221;#ffffff&#8221; background_color_gradient_type=&#8221;radial&#8221; background_color_gradient_direction_radial=&#8221;bottom right&#8221; background_color_gradient_overlays_image=&#8221;on&#8221; background_image=&#8221;https:\/\/embrunsmiles.ca\/fr\/wp-content\/uploads\/2020\/07\/orthodontics-embrun-2.jpg&#8221; custom_margin=&#8221;|||&#8221; custom_padding=&#8221;0vw||0vw||true|false&#8221; custom_padding_tablet=&#8221;||||false|false&#8221; custom_padding_phone=&#8221;&#8221; z_index_tablet=&#8221;500&#8243; border_radii=&#8221;||||10vw&#8221; box_shadow_style=&#8221;preset1&#8243; box_shadow_vertical=&#8221;40px&#8221; box_shadow_blur=&#8221;60px&#8221; box_shadow_color=&#8221;rgba(0,64,135,0.06)&#8221;][et_pb_row disabled_on=&#8221;on|on|&#8221; _builder_version=&#8221;3.25&#8243; background_size=&#8221;initial&#8221; background_position=&#8221;top_left&#8221; background_repeat=&#8221;repeat&#8221;][et_pb_column type=&#8221;4_4&#8243; _builder_version=&#8221;3.0.47&#8243; custom_padding=&#8221;|||&#8221; custom_padding__hover=&#8221;|||&#8221;][et_pb_divider show_divider=&#8221;off&#8221; _builder_version=&#8221;3.29.3&#8243; height=&#8221;25px&#8221; z_index_tablet=&#8221;500&#8243; box_shadow_horizontal_tablet=&#8221;0px&#8221; box_shadow_vertical_tablet=&#8221;0px&#8221; box_shadow_blur_tablet=&#8221;40px&#8221; box_shadow_spread_tablet=&#8221;0px&#8221;][\/et_pb_divider][\/et_pb_column][\/et_pb_row][et_pb_row column_structure=&#8221;3_5,2_5&#8243; custom_padding_last_edited=&#8221;on|phone&#8221; _builder_version=&#8221;3.26.7&#8243; custom_padding_tablet=&#8221;&#8221; custom_padding_phone=&#8221;35px||||false|false&#8221;][et_pb_column type=&#8221;3_5&#8243; _builder_version=&#8221;3.25&#8243; custom_padding=&#8221;|||&#8221; custom_padding__hover=&#8221;|||&#8221;][et_pb_text admin_label=&#8221;Text -d&#8221; _builder_version=&#8221;4.4.7&#8243; header_font=&#8221;||||||||&#8221; header_font_size=&#8221;50px&#8221; header_line_height=&#8221;1.4em&#8221; header_2_text_color=&#8221;#000000&#8243; header_2_font_size=&#8221;20px&#8221; header_2_line_height=&#8221;1.6em&#8221; custom_margin=&#8221;|-46px||||&#8221; custom_margin_tablet=&#8221;&#8221; custom_margin_phone=&#8221;&#8221; custom_margin_last_edited=&#8221;on|desktop&#8221; custom_padding_tablet=&#8221;&#8221; custom_padding_phone=&#8221;30px||||false|false&#8221; custom_padding_last_edited=&#8221;on|phone&#8221; animation_style=&#8221;slide&#8221; animation_direction=&#8221;bottom&#8221; hover_enabled=&#8221;0&#8243; header_font_size_tablet=&#8221;35px&#8221; header_font_size_phone=&#8221;25px&#8221; header_font_size_last_edited=&#8221;on|desktop&#8221; z_index_tablet=&#8221;500&#8243; text_text_shadow_horizontal_length_tablet=&#8221;0px&#8221; text_text_shadow_vertical_length_tablet=&#8221;0px&#8221; text_text_shadow_blur_strength_tablet=&#8221;1px&#8221; link_text_shadow_horizontal_length_tablet=&#8221;0px&#8221; link_text_shadow_vertical_length_tablet=&#8221;0px&#8221; link_text_shadow_blur_strength_tablet=&#8221;1px&#8221; ul_text_shadow_horizontal_length_tablet=&#8221;0px&#8221; ul_text_shadow_vertical_length_tablet=&#8221;0px&#8221; ul_text_shadow_blur_strength_tablet=&#8221;1px&#8221; ol_text_shadow_horizontal_length_tablet=&#8221;0px&#8221; ol_text_shadow_vertical_length_tablet=&#8221;0px&#8221; ol_text_shadow_blur_strength_tablet=&#8221;1px&#8221; quote_text_shadow_horizontal_length_tablet=&#8221;0px&#8221; quote_text_shadow_vertical_length_tablet=&#8221;0px&#8221; quote_text_shadow_blur_strength_tablet=&#8221;1px&#8221; header_text_shadow_horizontal_length_tablet=&#8221;0px&#8221; header_text_shadow_vertical_length_tablet=&#8221;0px&#8221; header_text_shadow_blur_strength_tablet=&#8221;1px&#8221; header_2_text_shadow_horizontal_length_tablet=&#8221;0px&#8221; header_2_text_shadow_vertical_length_tablet=&#8221;0px&#8221; header_2_text_shadow_blur_strength_tablet=&#8221;1px&#8221; header_3_text_shadow_horizontal_length_tablet=&#8221;0px&#8221; header_3_text_shadow_vertical_length_tablet=&#8221;0px&#8221; header_3_text_shadow_blur_strength_tablet=&#8221;1px&#8221; header_4_text_shadow_horizontal_length_tablet=&#8221;0px&#8221; header_4_text_shadow_vertical_length_tablet=&#8221;0px&#8221; header_4_text_shadow_blur_strength_tablet=&#8221;1px&#8221; header_5_text_shadow_horizontal_length_tablet=&#8221;0px&#8221; header_5_text_shadow_vertical_length_tablet=&#8221;0px&#8221; header_5_text_shadow_blur_strength_tablet=&#8221;1px&#8221; header_6_text_shadow_horizontal_length_tablet=&#8221;0px&#8221; header_6_text_shadow_vertical_length_tablet=&#8221;0px&#8221; header_6_text_shadow_blur_strength_tablet=&#8221;1px&#8221; box_shadow_horizontal_tablet=&#8221;0px&#8221; box_shadow_vertical_tablet=&#8221;0px&#8221; box_shadow_blur_tablet=&#8221;40px&#8221; box_shadow_spread_tablet=&#8221;0px&#8221;]<\/p>\n<h1>Blanchiment des dents<\/h1>\n<p>[\/et_pb_text][\/et_pb_column][et_pb_column type=&#8221;2_5&#8243; _builder_version=&#8221;3.25&#8243; custom_padding=&#8221;15px|||&#8221; custom_padding__hover=&#8221;|||&#8221;][\/et_pb_column][\/et_pb_row][\/et_pb_section][et_pb_section fb_built=&#8221;1&#8243; admin_label=&#8221;Our Mission&#8221; _builder_version=&#8221;4.4.7&#8243; background_enable_color=&#8221;off&#8221; background_enable_image=&#8221;off&#8221;][et_pb_row column_structure=&#8221;2_3,1_3&#8243; use_custom_gutter=&#8221;on&#8221; gutter_width=&#8221;4&#8243; _builder_version=&#8221;4.4.7&#8243; locked=&#8221;off&#8221;][et_pb_column type=&#8221;2_3&#8243; _builder_version=&#8221;3.25&#8243; custom_padding=&#8221;|||&#8221; custom_padding__hover=&#8221;|||&#8221;][et_pb_text _builder_version=&#8221;4.4.7&#8243; text_font=&#8221;Open Sans||||||||&#8221; text_line_height=&#8221;2em&#8221; header_font=&#8221;||||||||&#8221; header_3_font=&#8221;||||||||&#8221; header_3_font_size=&#8221;34px&#8221; header_3_line_height=&#8221;1.4em&#8221; header_4_font=&#8221;||||||||&#8221; header_4_font_size=&#8221;24px&#8221; hover_enabled=&#8221;0&#8243; locked=&#8221;off&#8221; align_last_edited=&#8221;on|desktop&#8221; align_tablet=&#8221;center&#8221; header_4_line_height=&#8221;1.3em&#8221;]<\/p>\n<h3>Blanchiment des dents<\/h3>\n<p>Les taches sur les dents sont in\u00e9vitables. Certains aliments, la fum\u00e9e de tabac, ou les breuvages tr\u00e8s color\u00e9s, tel le vin rouge et le caf\u00e9, ou encore, la sauce soya, modifient la couleur des dents, qui perdent graduellement de leur \u00e9clat. De plus, avec l\u2019\u00e2ge, les dents deviennent plus sombres, la couleur des dents varie du gris tr\u00e8s p\u00e2le au jaune plus fonc\u00e9, c&#8217;est pourquoi nous associons un sourire blanc \u00e9clatant avec la sant\u00e9, la jeunesse et la fra\u00eecheur.<\/p>\n<p>Heureusement, vous pourriez prendre des mesures simples pour pr\u00e9venir les taches, en plus de les effacer par un traitement de blanchiment des dents par des professionnels de la clinique Embrun Smiles.<\/p>\n<h4>Produits blanchissants de surface<\/h4>\n<p>Les produits blanchissants des dents, en vente libre \u00e0 la pharmacie, utilisent des abrasifs sp\u00e9ciaux pour am\u00e9liorer la capacit\u00e9 du produit \u00e0 \u00e9liminer les taches de surface. Comme pour la plupart des choses, ce que vous achetez en magasin n&#8217;est tout simplement pas aussi efficace que ce que vous pouvez obtenir aupr\u00e8s d&#8217;un professionnel de la sant\u00e9. En outre, les goutti\u00e8res de blanchiment achet\u00e9es en magasin sont con\u00e7ues pour s&#8217;adapter aux dents de chacun, et non \u00e0 vos dents en particulier. Cela signifie qu&#8217;elles peuvent se d\u00e9tacher et que la solution peut couler, ce qui entra\u00eene une irritation des gencives.<\/p>\n<h4>De quelle fa\u00e7on notre traitement dentaire de blanchiment professionnel peut vous aider ?<\/h4>\n<p>Il existe maintenant de nombreux traitements dentaires efficaces pour assurer le blanchiment de vos dents. En utilisant des produits de blanchiment des dent de qualit\u00e9 professionnelle, vous obtiendrez de r\u00e9els r\u00e9sultats presque imm\u00e9diatement. Le gel blanchissant utilis\u00e9 pendant votre traitement \u00e9liminera les taches profondes de l&#8217;\u00e9mail de vos dents sans les endommager.<\/p>\n<p>En plus, \u00e0 la clinique dentaire Embrun Smiles, nous pouvons utiliser un laser pour blanchir vos dents. Cela vous permettra de gagner du temps et de ne pas avoir \u00e0 porter les goutti\u00e8res de blanchiment \u00e0 la maison. Le Dr Binder a investi dans un produit laser haut de gamme pour offrir \u00e0 ses patients la technologie la plus r\u00e9cente en mati\u00e8re de blanchiment des dents.<\/p>\n<h4>Les dents jaunes peuvent-elles \u00eatre blanchies ?<\/h4>\n<p>Absolument. La d\u00e9coloration des dents peut \u00eatre trait\u00e9e avec des nettoyages professionnels, des produits de blanchiment et des services cosm\u00e9tiques tels que les facettes et le collage dentaire. La m\u00e9thode de blanchiment des dents la mieux adapt\u00e9e \u00e0 vos besoins peut \u00eatre d\u00e9termin\u00e9e lors de votre consultation &#8220;Embrun Smiles&#8221;.<\/p>\n<h4>Le traitement dentaire de blanchiment est il s\u00e9curitaire ?<\/h4>\n<h4><\/h4>\n<p>Le traitement dentaire de blanchiment sous la surveillance d&#8217;un dentiste peut \u00eatre plus s\u00e9curitaire, ainsi plus efficace. Nous nous soucions de votre sant\u00e9 dentaire. Nous examinerons soigneusement vos dents et vos gencives, avant le blanchiment, afin de nous assurer que ce traitement est la meilleure option pour vous. Au cours de votre examen, nous pouvons \u00e9galement \u00e9valuer le type de r\u00e9sultats que vous pourriez obtenir en toute s\u00e9curit\u00e9 avec le traitement dentaire de blanchiment.<\/p>\n<h4>Le blanchiment des dents peut il provoquer une sensibilit\u00e9 permanente des dents ?<\/h4>\n<p>La sensibilit\u00e9 des dents et l&#8217;irritation des tissus mous peuvent se produire pendant le traitement dentaire de blanchiment, mais ces effets sont de courte dur\u00e9e. Si le blanchiment entra\u00eene une sensibilit\u00e9 quelconque, celle-ci dispara\u00eet dans les deux jours suivant le traitement.<\/p>\n<h4>Quelle est la dur\u00e9e du traitement dentaire de blanchiment ?<\/h4>\n<p>Tout d\u00e9pend des raisons pour lesquelles vos dents se sont d\u00e9color\u00e9es et de votre style de vie, g\u00e9n\u00e9ralement les r\u00e9sultats peuvent durer jusqu&#8217;\u00e0 deux ans. Afin de conserver la blancheur de vos dents, \u00e9viter les aliments et les breuvages tr\u00e8s color\u00e9s. Avoir une bonne hygi\u00e8ne bucco-dentaire vous aidera \u00e0 conserver des dents plus blanches pour plus longtemps.<\/p>\n<h4>Autres traitements dentaires cosm\u00e9tiques<\/h4>\n<p>\u00a0Les traitements dentaires tels que le collage et les facettes ne servent pas seulement \u00e0 r\u00e9parer les caries ou les dents cass\u00e9es, mais peuvent \u00e9galement \u00eatre utilis\u00e9s pour am\u00e9liorer votre sourire. Le collage et les facettes am\u00e9liorent l&#8217;apparence de vos dents en modifiant leur couleur, leur forme, leur angle ou leur espacement. \u00c0 Embrun Smiles, nous pouvons r\u00e9parer les dents cass\u00e9es, \u00e9br\u00e9ch\u00e9es ou f\u00eal\u00e9es, qui pr\u00e9sentent des espaces entre elles ou qui sont d\u00e9color\u00e9es.<\/p>\n<p>Nous vous recommanderons les meilleurs options de traitement dentaire, <a href=\"https:\/\/embrunsmiles.ca\/fr\/contact-us\/\">communiquez avec nous<\/a> pour une consultation \u00e0 la clinique Embrun Smiles.<\/p>\n<p>[\/et_pb_text][\/et_pb_column][et_pb_column type=&#8221;1_3&#8243; _builder_version=&#8221;4.4.7&#8243; background_color=&#8221;#00a4df&#8221; background_color_gradient_direction=&#8221;90deg&#8221; background_enable_image=&#8221;off&#8221; background_position=&#8221;bottom_right&#8221; custom_padding=&#8221;36px|36px|36px|36px|true|true&#8221; custom_padding_tablet=&#8221;36px||36px||true|true&#8221; custom_padding_phone=&#8221;36px||36px||true|true&#8221; custom_padding_last_edited=&#8221;on|tablet&#8221; border_radii=&#8221;off|5vw||5vw|0vw&#8221; border_radii_tablet=&#8221;off|12vw||12vw|0vw&#8221; border_radii_phone=&#8221;off|13vw||13vw|0vw&#8221; border_radii_last_edited=&#8221;on|desktop&#8221; custom_padding__hover=&#8221;|||&#8221;][et_pb_text _builder_version=&#8221;4.4.7&#8243; header_3_font=&#8221;|600|||||||&#8221; header_3_font_size=&#8221;26px&#8221; header_4_font=&#8221;|600|||||||&#8221; header_4_line_height=&#8221;1.3em&#8221; background_layout=&#8221;dark&#8221; hover_enabled=&#8221;0&#8243;]<\/p>\n<h3 class=\"service-title\">Dents droites<\/h3>\n<p>Si vous voulez un plus beau sourire, nous pouvons vous offrir des goutti\u00e8res transparentes pour corriger des dents qui se chevauchent. Gr\u00e2ce \u00e0 l\u2019utilisation d\u2019Invisalign\u00ae ou de goutti\u00e8res transparentes, nous pouvons redresser vos dents sur une p\u00e9riode de quelques mois. G\u00e9n\u00e9ralement, nous changeons les goutti\u00e8res toutes les deux semaines, les dents changeant ainsi lentement de position. Apr\u00e8s avoir boug\u00e9 les dents dans la bonne position, nous vous recommanderons des goutti\u00e8res permanentes pour vous garder heureux, vous et votre sourire \u00e9clatant.<\/p>\n<p>&nbsp;<\/p>\n<h4><a href=\"https:\/\/embrunsmiles.ca\/fr\/orthodontie-a-embrun\/\">En savoir plus sur l\u2019orthodontie et Invisalign\u00ae<\/a><\/h4>\n<p>[\/et_pb_text][\/et_pb_column][\/et_pb_row][et_pb_row _builder_version=&#8221;4.4.7&#8243;][et_pb_column type=&#8221;4_4&#8243; _builder_version=&#8221;4.4.7&#8243;][et_pb_button button_url=&#8221;https:\/\/embrunsmiles.ca\/fr\/services-dentaires-embrun\/&#8221; button_text=&#8221;Voire touts les sevices dentaires&#8221; button_alignment=&#8221;center&#8221; _builder_version=&#8221;4.4.7&#8243; custom_button=&#8221;on&#8221; button_text_size=&#8221;17px&#8221; button_text_color=&#8221;#ffffff&#8221; button_bg_color=&#8221;#00a4df&#8221; button_border_color=&#8221;#00a4df&#8221; button_border_radius=&#8221;25px&#8221; button_font=&#8221;|700|||||||&#8221; button_icon=&#8221;%%20%%&#8221; hover_enabled=&#8221;0&#8243;][\/et_pb_button][\/et_pb_column][\/et_pb_row][\/et_pb_section]<\/p>\n","protected":false},"excerpt":{"rendered":"<p>Blanchiment des dentsBlanchiment des dents Les taches sur les dents sont in\u00e9vitables. Certains aliments, la fum\u00e9e de tabac, ou les breuvages tr\u00e8s color\u00e9s, tel le vin rouge et le caf\u00e9, ou encore, la sauce soya, modifient la couleur des dents, qui perdent graduellement de leur \u00e9clat. De plus, avec l\u2019\u00e2ge, les dents deviennent plus sombres, [&hellip;]<\/p>\n","protected":false},"author":4,"featured_media":0,"parent":0,"menu_order":0,"comment_status":"closed","ping_status":"closed","template":"","meta":{"_et_pb_use_builder":"on","_et_pb_old_content":"","_et_gb_content_width":"","footnotes":""},"class_list":["post-871","page","type-page","status-publish","hentry"],"yoast_head":"<!-- This site is optimized with the Yoast SEO plugin v27.4 - https:\/\/yoast.com\/product\/yoast-seo-wordpress\/ -->\n<title>Blanchiment des dents - Embrun Smiles Family Dentistry<\/title>\n<meta name=\"robots\" content=\"index, follow, max-snippet:-1, max-image-preview:large, max-video-preview:-1\" \/>\n<link rel=\"canonical\" href=\"https:\/\/embrunsmiles.ca\/fr\/blanchiment-des-dents\/\" \/>\n<meta property=\"og:locale\" content=\"en_US\" \/>\n<meta property=\"og:type\" content=\"article\" \/>\n<meta property=\"og:title\" content=\"Blanchiment des dents - Embrun Smiles Family Dentistry\" \/>\n<meta property=\"og:description\" content=\"Blanchiment des dentsBlanchiment des dents Les taches sur les dents sont in\u00e9vitables. Certains aliments, la fum\u00e9e de tabac, ou les breuvages tr\u00e8s color\u00e9s, tel le vin rouge et le caf\u00e9, ou encore, la sauce soya, modifient la couleur des dents, qui perdent graduellement de leur \u00e9clat. De plus, avec l\u2019\u00e2ge, les dents deviennent plus sombres, [&hellip;]\" \/>\n<meta property=\"og:url\" content=\"https:\/\/embrunsmiles.ca\/fr\/blanchiment-des-dents\/\" \/>\n<meta property=\"og:site_name\" content=\"Embrun Smiles Family Dentistry\" \/>\n<meta property=\"article:modified_time\" content=\"2020-10-07T16:06:36+00:00\" \/>\n<meta name=\"twitter:card\" content=\"summary_large_image\" \/>\n<meta name=\"twitter:label1\" content=\"Est. reading time\" \/>\n\t<meta name=\"twitter:data1\" content=\"9 minutes\" \/>\n<script type=\"application\/ld+json\" class=\"yoast-schema-graph\">{\"@context\":\"https:\\\/\\\/schema.org\",\"@graph\":[{\"@type\":\"WebPage\",\"@id\":\"https:\\\/\\\/embrunsmiles.ca\\\/fr\\\/blanchiment-des-dents\\\/\",\"url\":\"https:\\\/\\\/embrunsmiles.ca\\\/fr\\\/blanchiment-des-dents\\\/\",\"name\":\"Blanchiment des dents - Embrun Smiles Family Dentistry\",\"isPartOf\":{\"@id\":\"https:\\\/\\\/embrunsmiles.ca\\\/fr\\\/#website\"},\"datePublished\":\"2020-10-07T15:59:52+00:00\",\"dateModified\":\"2020-10-07T16:06:36+00:00\",\"breadcrumb\":{\"@id\":\"https:\\\/\\\/embrunsmiles.ca\\\/fr\\\/blanchiment-des-dents\\\/#breadcrumb\"},\"inLanguage\":\"en-US\",\"potentialAction\":[{\"@type\":\"ReadAction\",\"target\":[\"https:\\\/\\\/embrunsmiles.ca\\\/fr\\\/blanchiment-des-dents\\\/\"]}]},{\"@type\":\"BreadcrumbList\",\"@id\":\"https:\\\/\\\/embrunsmiles.ca\\\/fr\\\/blanchiment-des-dents\\\/#breadcrumb\",\"itemListElement\":[{\"@type\":\"ListItem\",\"position\":1,\"name\":\"Home\",\"item\":\"https:\\\/\\\/embrunsmiles.ca\\\/fr\\\/\"},{\"@type\":\"ListItem\",\"position\":2,\"name\":\"Blanchiment des dents\"}]},{\"@type\":\"WebSite\",\"@id\":\"https:\\\/\\\/embrunsmiles.ca\\\/fr\\\/#website\",\"url\":\"https:\\\/\\\/embrunsmiles.ca\\\/fr\\\/\",\"name\":\"Embrun Smiles Family Dentistry\",\"description\":\"\",\"potentialAction\":[{\"@type\":\"SearchAction\",\"target\":{\"@type\":\"EntryPoint\",\"urlTemplate\":\"https:\\\/\\\/embrunsmiles.ca\\\/fr\\\/?s={search_term_string}\"},\"query-input\":{\"@type\":\"PropertyValueSpecification\",\"valueRequired\":true,\"valueName\":\"search_term_string\"}}],\"inLanguage\":\"en-US\"}]}<\/script>\n<!-- \/ Yoast SEO plugin. -->","yoast_head_json":{"title":"Blanchiment des dents - Embrun Smiles Family Dentistry","robots":{"index":"index","follow":"follow","max-snippet":"max-snippet:-1","max-image-preview":"max-image-preview:large","max-video-preview":"max-video-preview:-1"},"canonical":"https:\/\/embrunsmiles.ca\/fr\/blanchiment-des-dents\/","og_locale":"en_US","og_type":"article","og_title":"Blanchiment des dents - Embrun Smiles Family Dentistry","og_description":"Blanchiment des dentsBlanchiment des dents Les taches sur les dents sont in\u00e9vitables. Certains aliments, la fum\u00e9e de tabac, ou les breuvages tr\u00e8s color\u00e9s, tel le vin rouge et le caf\u00e9, ou encore, la sauce soya, modifient la couleur des dents, qui perdent graduellement de leur \u00e9clat. De plus, avec l\u2019\u00e2ge, les dents deviennent plus sombres, [&hellip;]","og_url":"https:\/\/embrunsmiles.ca\/fr\/blanchiment-des-dents\/","og_site_name":"Embrun Smiles Family Dentistry","article_modified_time":"2020-10-07T16:06:36+00:00","twitter_card":"summary_large_image","twitter_misc":{"Est. reading time":"9 minutes"},"schema":{"@context":"https:\/\/schema.org","@graph":[{"@type":"WebPage","@id":"https:\/\/embrunsmiles.ca\/fr\/blanchiment-des-dents\/","url":"https:\/\/embrunsmiles.ca\/fr\/blanchiment-des-dents\/","name":"Blanchiment des dents - Embrun Smiles Family Dentistry","isPartOf":{"@id":"https:\/\/embrunsmiles.ca\/fr\/#website"},"datePublished":"2020-10-07T15:59:52+00:00","dateModified":"2020-10-07T16:06:36+00:00","breadcrumb":{"@id":"https:\/\/embrunsmiles.ca\/fr\/blanchiment-des-dents\/#breadcrumb"},"inLanguage":"en-US","potentialAction":[{"@type":"ReadAction","target":["https:\/\/embrunsmiles.ca\/fr\/blanchiment-des-dents\/"]}]},{"@type":"BreadcrumbList","@id":"https:\/\/embrunsmiles.ca\/fr\/blanchiment-des-dents\/#breadcrumb","itemListElement":[{"@type":"ListItem","position":1,"name":"Home","item":"https:\/\/embrunsmiles.ca\/fr\/"},{"@type":"ListItem","position":2,"name":"Blanchiment des dents"}]},{"@type":"WebSite","@id":"https:\/\/embrunsmiles.ca\/fr\/#website","url":"https:\/\/embrunsmiles.ca\/fr\/","name":"Embrun Smiles Family Dentistry","description":"","potentialAction":[{"@type":"SearchAction","target":{"@type":"EntryPoint","urlTemplate":"https:\/\/embrunsmiles.ca\/fr\/?s={search_term_string}"},"query-input":{"@type":"PropertyValueSpecification","valueRequired":true,"valueName":"search_term_string"}}],"inLanguage":"en-US"}]}},"_links":{"self":[{"href":"https:\/\/embrunsmiles.ca\/fr\/wp-json\/wp\/v2\/pages\/871","targetHints":{"allow":["GET"]}}],"collection":[{"href":"https:\/\/embrunsmiles.ca\/fr\/wp-json\/wp\/v2\/pages"}],"about":[{"href":"https:\/\/embrunsmiles.ca\/fr\/wp-json\/wp\/v2\/types\/page"}],"author":[{"embeddable":true,"href":"https:\/\/embrunsmiles.ca\/fr\/wp-json\/wp\/v2\/users\/4"}],"replies":[{"embeddable":true,"href":"https:\/\/embrunsmiles.ca\/fr\/wp-json\/wp\/v2\/comments?post=871"}],"version-history":[{"count":5,"href":"https:\/\/embrunsmiles.ca\/fr\/wp-json\/wp\/v2\/pages\/871\/revisions"}],"predecessor-version":[{"id":885,"href":"https:\/\/embrunsmiles.ca\/fr\/wp-json\/wp\/v2\/pages\/871\/revisions\/885"}],"wp:attachment":[{"href":"https:\/\/embrunsmiles.ca\/fr\/wp-json\/wp\/v2\/media?parent=871"}],"curies":[{"name":"wp","href":"https:\/\/api.w.org\/{rel}","templated":true}]}}